{"id":16250461,"date":"2023-04-10T05:51:01","date_gmt":"2023-04-10T09:51:01","guid":{"rendered":"https:\/\/moovair.com\/?page_id=16250461"},"modified":"2024-04-04T07:19:06","modified_gmt":"2024-04-04T11:19:06","slug":"quotation-thankyou","status":"publish","type":"page","link":"https:\/\/moovair.com\/fr-ca\/quotation-thankyou\/","title":{"rendered":"QUOTATION Thankyou"},"content":{"rendered":"<p>[et_pb_section fb_built=\u00a0\u00bb1&Prime; admin_label=\u00a0\u00bbsection\u00a0\u00bb module_class=\u00a0\u00bbthanks-content\u00a0\u00bb _builder_version=\u00a0\u00bb4.18.0&Prime; background_image=\u00a0\u00bbhttps:\/\/moovair.com\/wp-content\/uploads\/2022\/07\/AdobeStock_230069671.png\u00a0\u00bb global_colors_info=\u00a0\u00bb{}\u00a0\u00bb][et_pb_row admin_label=\u00a0\u00bbrow\u00a0\u00bb _builder_version=\u00a0\u00bb4.16&Prime; background_size=\u00a0\u00bbinitial\u00a0\u00bb background_position=\u00a0\u00bbtop_left\u00a0\u00bb background_repeat=\u00a0\u00bbrepeat\u00a0\u00bb global_colors_info=\u00a0\u00bb{}\u00a0\u00bb][et_pb_column type=\u00a0\u00bb4_4&Prime; _builder_version=\u00a0\u00bb4.16&Prime; custom_padding=\u00a0\u00bb|||\u00a0\u00bb global_colors_info=\u00a0\u00bb{}\u00a0\u00bb custom_padding__hover=\u00a0\u00bb|||\u00a0\u00bb][et_pb_text module_class=\u00a0\u00bbthanks-wrap\u00a0\u00bb _builder_version=\u00a0\u00bb4.20.4&Prime; _module_preset=\u00a0\u00bbdefault\u00a0\u00bb global_colors_info=\u00a0\u00bb{}\u00a0\u00bb]<\/p>\n<h2>Merci !<\/h2>\n<p>Nous avons re\u00e7u votre demande de soumission.<\/p>\n<p>Le d\u00e9taillant vous contactera dans les prochaines 48 heures.<\/p>\n<p>Nous vous remercions de votre int\u00e9r\u00eat !<\/p>\n<p>[\/et_pb_text][\/et_pb_column][\/et_pb_row][\/et_pb_section]<\/p>\n","protected":false},"excerpt":{"rendered":"<p>Merci ! Nous avons re\u00e7u votre demande de soumission. Le d\u00e9taillant vous contactera dans les prochaines 48 heures. Nous vous remercions de votre int\u00e9r\u00eat !<\/p>\n","protected":false},"author":6,"featured_media":0,"parent":0,"menu_order":0,"comment_status":"closed","ping_status":"closed","template":"","meta":{"_acf_changed":false,"_et_pb_use_builder":"on","_et_pb_old_content":"[et_pb_section fb_built=\"1\" admin_label=\"section\" module_class=\"thanks-content\" _builder_version=\"4.18.0\" background_image=\"https:\/\/moovair.com\/wp-content\/uploads\/2022\/07\/AdobeStock_230069671.png\" global_colors_info=\"{}\"][et_pb_row admin_label=\"row\" _builder_version=\"4.16\" background_size=\"initial\" background_position=\"top_left\" background_repeat=\"repeat\" global_colors_info=\"{}\"][et_pb_column type=\"4_4\" _builder_version=\"4.16\" custom_padding=\"|||\" global_colors_info=\"{}\" custom_padding__hover=\"|||\"][et_pb_text module_class=\"thanks-wrap\" _builder_version=\"4.20.4\" _module_preset=\"default\" hover_enabled=\"0\" global_colors_info=\"{}\" sticky_enabled=\"0\"]<h2>Merci !<\/h2>\r\n<p>Nous avons re\u00e7u votre demande de soumission.<\/p>\r\n<p>Le d\u00e9taillant vous contactera dans les prochaines 48 heures.<\/p>\r\n<p>Nous vous remercions de votre int\u00e9r\u00eat !<\/p>[\/et_pb_text][\/et_pb_column][\/et_pb_row][\/et_pb_section]","_et_gb_content_width":"","footnotes":"","_wp_rev_ctl_limit":""},"dipi_cpt_category":[],"class_list":["post-16250461","page","type-page","status-publish","hentry"],"acf":[],"aioseo_notices":[],"_links":{"self":[{"href":"https:\/\/moovair.com\/fr-ca\/wp-json\/wp\/v2\/pages\/16250461","targetHints":{"allow":["GET"]}}],"collection":[{"href":"https:\/\/moovair.com\/fr-ca\/wp-json\/wp\/v2\/pages"}],"about":[{"href":"https:\/\/moovair.com\/fr-ca\/wp-json\/wp\/v2\/types\/page"}],"author":[{"embeddable":true,"href":"https:\/\/moovair.com\/fr-ca\/wp-json\/wp\/v2\/users\/6"}],"replies":[{"embeddable":true,"href":"https:\/\/moovair.com\/fr-ca\/wp-json\/wp\/v2\/comments?post=16250461"}],"version-history":[{"count":2,"href":"https:\/\/moovair.com\/fr-ca\/wp-json\/wp\/v2\/pages\/16250461\/revisions"}],"predecessor-version":[{"id":16250479,"href":"https:\/\/moovair.com\/fr-ca\/wp-json\/wp\/v2\/pages\/16250461\/revisions\/16250479"}],"wp:attachment":[{"href":"https:\/\/moovair.com\/fr-ca\/wp-json\/wp\/v2\/media?parent=16250461"}],"wp:term":[{"taxonomy":"dipi_cpt_category","embeddable":true,"href":"https:\/\/moovair.com\/fr-ca\/wp-json\/wp\/v2\/dipi_cpt_category?post=16250461"}],"curies":[{"name":"wp","href":"https:\/\/api.w.org\/{rel}","templated":true}]}}