{"id":16267258,"date":"2026-03-27T11:11:27","date_gmt":"2026-03-27T15:11:27","guid":{"rendered":"https:\/\/moovair.com\/?page_id=16267258"},"modified":"2026-03-27T11:29:33","modified_gmt":"2026-03-27T15:29:33","slug":"rabais-sdh","status":"publish","type":"page","link":"https:\/\/moovair.com\/fr-ca\/rabais-sdh\/","title":{"rendered":"Rabais &#8211; Salon Habitation"},"content":{"rendered":"<p>[et_pb_section fb_built=\u00a0\u00bb1&Prime; custom_padding_last_edited=\u00a0\u00bbon|phone\u00a0\u00bb module_id=\u00a0\u00bbsignup-form\u00a0\u00bb _builder_version=\u00a0\u00bb4.22.1&Prime; _module_preset=\u00a0\u00bb14f8d998-acba-4881-b6c9-984d6e0855ed\u00a0\u00bb background_color=\u00a0\u00bbrgba(112,112,112,0.05)\u00a0\u00bb background_enable_image=\u00a0\u00bboff\u00a0\u00bb min_height=\u00a0\u00bbauto\u00a0\u00bb height=\u00a0\u00bbauto\u00a0\u00bb custom_margin=\u00a0\u00bb||||false|false\u00a0\u00bb custom_padding=\u00a0\u00bb40px|0px|0px|0px|false|false\u00a0\u00bb custom_padding_tablet=\u00a0\u00bb40px|0px|40px|0px|true|false\u00a0\u00bb custom_padding_phone=\u00a0\u00bb20px||20px||true|false\u00a0\u00bb background_last_edited=\u00a0\u00bbon|tablet\u00a0\u00bb background_enable_image_tablet=\u00a0\u00bboff\u00a0\u00bb background_enable_image_phone=\u00a0\u00bboff\u00a0\u00bb global_colors_info=\u00a0\u00bb{}\u00a0\u00bb][et_pb_row _builder_version=\u00a0\u00bb4.22.1&Prime; _module_preset=\u00a0\u00bbdefault\u00a0\u00bb global_colors_info=\u00a0\u00bb{}\u00a0\u00bb][et_pb_column type=\u00a0\u00bb4_4&Prime; _builder_version=\u00a0\u00bb4.22.1&Prime; _module_preset=\u00a0\u00bbdefault\u00a0\u00bb global_colors_info=\u00a0\u00bb{}\u00a0\u00bb][et_pb_heading title=\u00a0\u00bbRabais sp\u00e9cial Salon de l\u2019Habitation 2026&Prime; _builder_version=\u00a0\u00bb4.22.1&Prime; _module_preset=\u00a0\u00bbdefault\u00a0\u00bb title_font=\u00a0\u00bbCera Pro &#8211; Bold|700||on|||||\u00a0\u00bb title_text_align=\u00a0\u00bbcenter\u00a0\u00bb title_font_size=\u00a0\u00bb36px\u00a0\u00bb title_font_size_tablet=\u00a0\u00bb32px\u00a0\u00bb title_font_size_phone=\u00a0\u00bb32px\u00a0\u00bb title_font_size_last_edited=\u00a0\u00bbon|desktop\u00a0\u00bb global_colors_info=\u00a0\u00bb{}\u00a0\u00bb][\/et_pb_heading][\/et_pb_column][\/et_pb_row][et_pb_row column_structure=\u00a0\u00bb1_2,1_2&Prime; custom_padding_last_edited=\u00a0\u00bbon|phone\u00a0\u00bb _builder_version=\u00a0\u00bb4.22.1&Prime; _module_preset=\u00a0\u00bbdefault\u00a0\u00bb custom_padding=\u00a0\u00bb40px|15px|40px|15px|true|true\u00a0\u00bb custom_padding_tablet=\u00a0\u00bb40px|15px|40px|15px|true|true\u00a0\u00bb custom_padding_phone=\u00a0\u00bb20px||20px||true|true\u00a0\u00bb global_colors_info=\u00a0\u00bb{}\u00a0\u00bb][et_pb_column type=\u00a0\u00bb1_2&Prime; _builder_version=\u00a0\u00bb4.22.1&Prime; _module_preset=\u00a0\u00bbdefault\u00a0\u00bb global_colors_info=\u00a0\u00bb{}\u00a0\u00bb][et_pb_image src=\u00a0\u00bbhttps:\/\/moovair.com\/wp-content\/uploads\/Web_Banner_150cnd_Card-Moovair_2160x2160.jpg\u00a0\u00bb alt=\u00a0\u00bbConcours Moovair\u00ae &#8211; inscrivez-vous pour courir la chance de gagner une r\u00e9novation de salon d&rsquo;une valeur de 2 500 $\u00a0\u00bb title_text=\u00a0\u00bbWeb_Banner_150cnd_Card-Moovair_2160x2160&Prime; align=\u00a0\u00bbcenter\u00a0\u00bb _builder_version=\u00a0\u00bb4.22.1&Prime; _module_preset=\u00a0\u00bbdefault\u00a0\u00bb width=\u00a0\u00bb85%\u00a0\u00bb width_tablet=\u00a0\u00bb85%\u00a0\u00bb width_phone=\u00a0\u00bb100%\u00a0\u00bb width_last_edited=\u00a0\u00bbon|desktop\u00a0\u00bb global_colors_info=\u00a0\u00bb{}\u00a0\u00bb][\/et_pb_image][et_pb_text _builder_version=\u00a0\u00bb4.22.1&Prime; _module_preset=\u00a0\u00bbdefault\u00a0\u00bb text_font=\u00a0\u00bbCera Pro &#8211; Medium|500|||||||\u00a0\u00bb text_font_size=\u00a0\u00bb16px\u00a0\u00bb text_line_height=\u00a0\u00bb1.3em\u00a0\u00bb custom_padding=\u00a0\u00bb|50px||50px|false|true\u00a0\u00bb hover_enabled=\u00a0\u00bb0&Prime; global_colors_info=\u00a0\u00bb{}\u00a0\u00bb disabled_on=\u00a0\u00bbon|off|off\u00a0\u00bb sticky_enabled=\u00a0\u00bb0&Prime;]<\/p>\n<ul>\n<li>La thermopompe doit \u00eatre install\u00e9e par un d\u00e9taillant Moovair certifi\u00e9<\/li>\n<li>Preuve d&rsquo;achat requise<\/li>\n<li>La carte sera \u00e9mise par la poste, 2 \u00e0 4 semaines suivant l\u2019envoie du formulaire de r\u00e9clamation<\/li>\n<\/ul>\n<p>[\/et_pb_text][\/et_pb_column][et_pb_column type=\u00a0\u00bb1_2&Prime; _builder_version=\u00a0\u00bb4.22.1&Prime; _module_preset=\u00a0\u00bbdefault\u00a0\u00bb global_colors_info=\u00a0\u00bb{}\u00a0\u00bb][et_pb_text _builder_version=\u00a0\u00bb4.22.1&Prime; _module_preset=\u00a0\u00bb626d5d52-4f53-493f-b2c2-b419c62d637e\u00a0\u00bb header_text_align=\u00a0\u00bbcenter\u00a0\u00bb header_3_font=\u00a0\u00bbCera Pro &#8211; Bold|700|||||||\u00a0\u00bb header_3_text_align=\u00a0\u00bbcenter\u00a0\u00bb header_3_font_size=\u00a0\u00bb24px\u00a0\u00bb header_3_line_height=\u00a0\u00bb1.3em\u00a0\u00bb header_4_font=\u00a0\u00bbCera Pro &#8211; Bold|700|||||||\u00a0\u00bb header_4_text_align=\u00a0\u00bbcenter\u00a0\u00bb header_4_font_size=\u00a0\u00bb24px\u00a0\u00bb header_4_line_height=\u00a0\u00bb1.3em\u00a0\u00bb width=\u00a0\u00bb100%\u00a0\u00bb width_tablet=\u00a0\u00bb90%\u00a0\u00bb width_phone=\u00a0\u00bb100%\u00a0\u00bb width_last_edited=\u00a0\u00bbon|phone\u00a0\u00bb hover_enabled=\u00a0\u00bb0&Prime; header_3_text_align_tablet=\u00a0\u00bbcenter\u00a0\u00bb header_3_text_align_phone=\u00a0\u00bbcenter\u00a0\u00bb header_3_text_align_last_edited=\u00a0\u00bbon|phone\u00a0\u00bb header_3_font_size_tablet=\u00a0\u00bb24px\u00a0\u00bb header_3_font_size_phone=\u00a0\u00bb26px\u00a0\u00bb header_3_font_size_last_edited=\u00a0\u00bbon|tablet\u00a0\u00bb header_3_line_height_tablet=\u00a0\u00bb28px\u00a0\u00bb header_3_line_height_phone=\u00a0\u00bb1.3em\u00a0\u00bb header_3_line_height_last_edited=\u00a0\u00bbon|phone\u00a0\u00bb global_colors_info=\u00a0\u00bb{}\u00a0\u00bb header_4_font_size_last_edited=\u00a0\u00bbon|phone\u00a0\u00bb sticky_enabled=\u00a0\u00bb0&Prime; header_4_font_size_phone=\u00a0\u00bb20px\u00a0\u00bb header_4_font_size_tablet=\u00a0\u00bb24px\u00a0\u00bb]<\/p>\n<h3>R\u00e9clamez votre carte de cr\u00e9dit prepay\u00e9e Visa de 150$<\/h3>\n<h4><strong>Offre valide sur tout achat de thermopompe Moovair install\u00e9e avant le 30 juin 2026.<\/strong><\/h4>\n<p>[\/et_pb_text][et_pb_divider color=\u00a0\u00bbgcid-ebd948fd-3d1f-4ca2-8b4b-4881f9dc3949&Prime; _builder_version=\u00a0\u00bb4.22.1&Prime; _module_preset=\u00a0\u00bbdefault\u00a0\u00bb custom_margin=\u00a0\u00bb-20px||||false|false\u00a0\u00bb global_colors_info=\u00a0\u00bb{%22gcid-ebd948fd-3d1f-4ca2-8b4b-4881f9dc3949%22:%91%22color%22%93}\u00a0\u00bb][\/et_pb_divider][dipi_gravity_forms_styler gf_form_id=\u00a0\u00bb17&Prime; form_title=\u00a0\u00bbhide\u00a0\u00bb form_desc=\u00a0\u00bbhide\u00a0\u00bb use_ajax=\u00a0\u00bbon\u00a0\u00bb field_description_margin=\u00a0\u00bb||||false|false\u00a0\u00bb field_description_padding=\u00a0\u00bb||||false|false\u00a0\u00bb section_field_margin=\u00a0\u00bb20px||-40px||false|false\u00a0\u00bb _builder_version=\u00a0\u00bb4.22.1&Prime; _module_preset=\u00a0\u00bbdefault\u00a0\u00bb text_font=\u00a0\u00bbCera Pro|500|||||||\u00a0\u00bb form_title_font=\u00a0\u00bbCera Pro &#8211; Bold|700|||||||\u00a0\u00bb form_title_font_size=\u00a0\u00bb32px\u00a0\u00bb form_desc_font_size=\u00a0\u00bb32px\u00a0\u00bb field_label_font=\u00a0\u00bbCera Pro &#8211; Medium|500|||||||\u00a0\u00bb field_label_font_size=\u00a0\u00bb16px\u00a0\u00bb required_field_indicator_font=\u00a0\u00bbCera Pro||||||||\u00a0\u00bb required_field_indicator_font_size=\u00a0\u00bb24px\u00a0\u00bb field_description_font=\u00a0\u00bbCera Pro &#8211; Medium|500|||||||\u00a0\u00bb field_description_font_size=\u00a0\u00bb16px\u00a0\u00bb input_field_font=\u00a0\u00bb||||||||\u00a0\u00bb select_field_font=\u00a0\u00bb||||||||\u00a0\u00bb section_title_font=\u00a0\u00bbCera Pro &#8211; Bold|700|||||||\u00a0\u00bb section_title_font_size=\u00a0\u00bb24px\u00a0\u00bb header_font=\u00a0\u00bbCera Pro Black||||||||\u00a0\u00bb header_2_font=\u00a0\u00bbCera Pro &#8211; Bold|700|||||||\u00a0\u00bb header_2_font_size=\u00a0\u00bb28px\u00a0\u00bb custom_all=\u00a0\u00bbon\u00a0\u00bb custom_submit=\u00a0\u00bbon\u00a0\u00bb submit_text_size=\u00a0\u00bb18px\u00a0\u00bb submit_font=\u00a0\u00bbCera Pro &#8211; Medium|500|||||||\u00a0\u00bb submit_use_icon=\u00a0\u00bboff\u00a0\u00bb hover_enabled=\u00a0\u00bb0&Prime; border_color_bottom_section_field=\u00a0\u00bbgcid-0b7b44c8-451e-4009-8542-f1e36dcda52b\u00a0\u00bb global_colors_info=\u00a0\u00bb{%22gcid-0b7b44c8-451e-4009-8542-f1e36dcda52b%22:%91%22border_color_bottom_section_field%22%93}\u00a0\u00bb sticky_enabled=\u00a0\u00bb0&Prime;][\/dipi_gravity_forms_styler][et_pb_text _builder_version=\u00a0\u00bb4.22.1&Prime; _module_preset=\u00a0\u00bbdefault\u00a0\u00bb text_font=\u00a0\u00bbCera Pro &#8211; Medium|500|||||||\u00a0\u00bb text_font_size=\u00a0\u00bb16px\u00a0\u00bb text_line_height=\u00a0\u00bb1.3em\u00a0\u00bb custom_padding=\u00a0\u00bb|25px||25px|false|true\u00a0\u00bb hover_enabled=\u00a0\u00bb0&Prime; global_colors_info=\u00a0\u00bb{}\u00a0\u00bb disabled_on=\u00a0\u00bboff|on|on\u00a0\u00bb sticky_enabled=\u00a0\u00bb0&Prime;]<\/p>\n<ul>\n<li>La thermopompe doit \u00eatre install\u00e9e par un d\u00e9taillant Moovair certifi\u00e9<\/li>\n<li>Preuve d&rsquo;achat requise<\/li>\n<li>La carte sera \u00e9mise par la poste, 2 \u00e0 4 semaines suivant l\u2019envoie du formulaire de r\u00e9clamation<\/li>\n<\/ul>\n<p>[\/et_pb_text][\/et_pb_column][\/et_pb_row][\/et_pb_section]<\/p>\n","protected":false},"excerpt":{"rendered":"<p>La thermopompe doit \u00eatre install\u00e9e par un d\u00e9taillant Moovair certifi\u00e9 Preuve d&rsquo;achat requise La carte sera \u00e9mise par la poste, 2 \u00e0 4 semaines suivant l\u2019envoie du formulaire de r\u00e9clamation R\u00e9clamez votre carte de cr\u00e9dit prepay\u00e9e Visa de 150$ Offre valide sur tout achat de thermopompe Moovair install\u00e9e avant le 30 juin 2026.<div class=\"et_pb_module dipi_gravity_forms_styler dipi_gravity_forms_styler_0\">\n\t\t\t\t\n\t\t\t\t\n\t\t\t\t\n\t\t\t\t\n\t\t\t\t\n\t\t\t\t\n\t\t\t\t<div class=\"et_pb_module_inner\">\n\t\t\t\t\t<div class=\"dipi_gf_styler_container\" data-config=\"{&quot;order_class&quot;:&quot;dipi_gravity_forms_styler_0&quot;,&quot;custom_all&quot;:&quot;off&quot;,&quot;all_use_icon&quot;:&quot;on&quot;,&quot;all_icon&quot;:&quot;&quot;,&quot;all_icon_tablet&quot;:&quot;&quot;,&quot;all_icon_phone&quot;:&quot;&quot;,&quot;all_icon_last_edited&quot;:&quot;&quot;,&quot;custom_next&quot;:&quot;off&quot;,&quot;next_use_icon&quot;:&quot;on&quot;,&quot;next_icon&quot;:&quot;&quot;,&quot;next_icon_tablet&quot;:&quot;&quot;,&quot;next_icon_phone&quot;:&quot;&quot;,&quot;next_icon_last_edited&quot;:&quot;&quot;,&quot;custom_prev&quot;:&quot;off&quot;,&quot;prev_use_icon&quot;:&quot;on&quot;,&quot;prev_icon&quot;:&quot;&quot;,&quot;prev_icon_tablet&quot;:&quot;&quot;,&quot;prev_icon_phone&quot;:&quot;&quot;,&quot;prev_icon_last_edited&quot;:&quot;&quot;,&quot;custom_submit&quot;:&quot;off&quot;,&quot;submit_use_icon&quot;:&quot;on&quot;,&quot;submit_icon&quot;:&quot;&quot;,&quot;submit_icon_tablet&quot;:&quot;&quot;,&quot;submit_icon_phone&quot;:&quot;&quot;,&quot;submit_icon_last_edited&quot;:&quot;&quot;,&quot;use_custom_select_arrow&quot;:&quot;off&quot;,&quot;select_arrow_use_icon&quot;:&quot;off&quot;,&quot;select_arrow_icon_last_edited&quot;:&quot;&quot;,&quot;select_arrow_icon&quot;:&quot;&amp;#xf078;||fa||900&quot;,&quot;select_arrow_icon_tablet&quot;:&quot;&quot;,&quot;select_arrow_icon_phone&quot;:&quot;&quot;}\">\n                <div class=\"alert\">\n                    No form selected.\n                    <br>\n                    Please select a form form the dropdown list of 'Choose Gravity Form'.\n                <\/div>\n            <\/div>\n\t\t\t\t<\/div>\n\t\t\t<\/div><\/p>\n","protected":false},"author":2,"featured_media":0,"parent":0,"menu_order":0,"comment_status":"closed","ping_status":"closed","template":"","meta":{"_acf_changed":false,"_et_pb_use_builder":"on","_et_pb_old_content":"","_et_gb_content_width":"","footnotes":"","_wp_rev_ctl_limit":""},"dipi_cpt_category":[],"class_list":["post-16267258","page","type-page","status-publish","hentry"],"acf":[],"aioseo_notices":[],"_links":{"self":[{"href":"https:\/\/moovair.com\/fr-ca\/wp-json\/wp\/v2\/pages\/16267258","targetHints":{"allow":["GET"]}}],"collection":[{"href":"https:\/\/moovair.com\/fr-ca\/wp-json\/wp\/v2\/pages"}],"about":[{"href":"https:\/\/moovair.com\/fr-ca\/wp-json\/wp\/v2\/types\/page"}],"author":[{"embeddable":true,"href":"https:\/\/moovair.com\/fr-ca\/wp-json\/wp\/v2\/users\/2"}],"replies":[{"embeddable":true,"href":"https:\/\/moovair.com\/fr-ca\/wp-json\/wp\/v2\/comments?post=16267258"}],"version-history":[{"count":13,"href":"https:\/\/moovair.com\/fr-ca\/wp-json\/wp\/v2\/pages\/16267258\/revisions"}],"predecessor-version":[{"id":16267289,"href":"https:\/\/moovair.com\/fr-ca\/wp-json\/wp\/v2\/pages\/16267258\/revisions\/16267289"}],"wp:attachment":[{"href":"https:\/\/moovair.com\/fr-ca\/wp-json\/wp\/v2\/media?parent=16267258"}],"wp:term":[{"taxonomy":"dipi_cpt_category","embeddable":true,"href":"https:\/\/moovair.com\/fr-ca\/wp-json\/wp\/v2\/dipi_cpt_category?post=16267258"}],"curies":[{"name":"wp","href":"https:\/\/api.w.org\/{rel}","templated":true}]}}